{"id":46,"date":"2017-05-20T19:59:13","date_gmt":"2017-05-20T19:59:13","guid":{"rendered":"http:\/\/physio-edelbauer.de\/?page_id=46"},"modified":"2018-05-27T15:34:28","modified_gmt":"2018-05-27T15:34:28","slug":"datenschutzerklaerung","status":"publish","type":"page","link":"https:\/\/physio-edelbauer.de\/?page_id=46","title":{"rendered":"Datenschutzerkl\u00e4rung"},"content":{"rendered":"<p><img loading=\"lazy\" decoding=\"async\" class=\"alignnone wp-image-82 size-full\" src=\"http:\/\/physio-edelbauer.de\/wp-content\/uploads\/2017\/05\/Datenschutz-PhysioEdelbauer.jpg\" alt=\"\" width=\"765\" height=\"145\" srcset=\"https:\/\/physio-edelbauer.de\/wp-content\/uploads\/2017\/05\/Datenschutz-PhysioEdelbauer.jpg 765w, https:\/\/physio-edelbauer.de\/wp-content\/uploads\/2017\/05\/Datenschutz-PhysioEdelbauer-300x57.jpg 300w\" sizes=\"auto, (max-width: 765px) 100vw, 765px\" \/><\/p>\n<p><strong>Datenschutzerkl\u00e4rung<\/strong><\/p>\n<p><strong>Datenschutzerkl\u00e4rung nach DSGVO<\/strong><\/p>\n<ol>\n<li><strong> Verantwortliche Stelle im Sinne der DatenSchutzGrundVerordnung (DSGVO):<\/strong><\/li>\n<\/ol>\n<p>Physio Syna Edelbauer<br \/>\nIm Rosental 7<br \/>\n61231 Bad Nauheim<\/p>\n<p>Tel.: +49 6032 9374735<\/p>\n<p>Vertreten durch: Syna Edelbauer<\/p>\n<ol start=\"2\">\n<li><strong> Kategorien betroffener Personen<\/strong><\/li>\n<\/ol>\n<ul>\n<li>Besucher und Nutzer der website www.physio-edelbauer.de<\/li>\n<li>Patienten von Physio Syna Edelbauer<\/li>\n<li>Personen, die Kontakt zu Physio Syna Edelbauer aufnehmen (Telefon und E-Mail)<\/li>\n<\/ul>\n<p>&nbsp;<\/p>\n<p>Diese Datenschutzerkl\u00e4rung kl\u00e4rt Sie \u00fcber die Art, den Umfang und Zweck der Verarbeitung (u.a. Erhebung, Verarbeitung und Nutzung sowie Einholung von Einwilligungen) von personenbezogenen Daten (nachfolgend kurz \u201eDaten\u201c) innerhalb meiner Dienstleistung und der mit ihr verbundenen Webseite, Funktionen und Inhalte sowie externen Onlinepr\u00e4senzen. Die Datenschutzerkl\u00e4rung gilt unabh\u00e4ngig von den verwendeten Domains, Systemen, Plattformen und Ger\u00e4ten (z.B. Desktop oder mobile) auf denen das Onlineangebot ausgef\u00fchrt wird.<\/p>\n<ol start=\"3\">\n<li><strong> Ma\u00dfgebliche Rechtsgrundlagen<\/strong><\/li>\n<\/ol>\n<p>Nach Ma\u00dfgabe des Art. 13 DSGVO teile ich Ihnen die Rechtsgrundlagen meiner Datenverarbeitungen mit. Sofern die Rechtsgrundlage in der Datenschutzerkl\u00e4rung nicht genannt wird, gilt Folgendes: Die Rechtsgrundlage f\u00fcr die Einholung von Einwilligungen ist Art. 6 Abs. 1 lit. a und Art. 7 DSGVO, die Rechtsgrundlage f\u00fcr die Verarbeitung zur Erf\u00fcllung unserer Leistungen und Durchf\u00fchrung vertraglicher Ma\u00dfnahmen, sowie Beantwortung von Anfragen ist Art. 6 Abs. 1 lit. b DSGVO, die Rechtsgrundlage f\u00fcr die Verarbeitung zur Erf\u00fcllung unserer rechtlichen Verpflichtungen ist Art. 6 Abs. 1 lit. c DSGVO, und die Rechtsgrundlage f\u00fcr die Verarbeitung zur Wahrung unserer berechtigten Interessen ist Art. 6 Abs. 1 lit. f DSGVO. F\u00fcr den Fall, dass lebenswichtige Interessen der betroffenen Person oder einer anderen nat\u00fcrlichen Person eine Verarbeitung personenbezogener Daten erforderlich machen, dient Art. 6 Abs. 1 lit. d DSGVO als Rechtsgrundlage.<\/p>\n<ol start=\"4\">\n<li><strong> Betroffenenrechte<\/strong><\/li>\n<\/ol>\n<p><strong>Recht auf Auskunft\u00a0\u00a0\u00a0\u00a0\u00a0\u00a0<\/strong><br \/>\nSie haben das Recht gem\u00e4\u00df Art. 15 DSGVO Auskunft \u00fcber Ihre von mir verarbeiteten personenbezogenen Daten zu verlangen. Insbesondere k\u00f6nnen Sie Auskunft \u00fcber die Verarbeitungszwecke, die Kategorie der personenbezogenen Daten, die Kategorien von Empf\u00e4ngern, gegen\u00fcber denen Ihre Daten offengelegt wurden oder werden, die geplante Speicherdauer, das Bestehen eines Rechts auf Berichtigung, L\u00f6schung, Einschr\u00e4nkung der Verarbeitung oder Widerspruch, das Bestehen eines Beschwerderechts, die Herkunft ihrer Daten, sofern diese nicht bei mir erhoben wurden, sowie \u00fcber das Bestehen einer automatisierten Entscheidungsfindung einschlie\u00dflich Profiling und ggf. aussagekr\u00e4ftigen Informationen zu deren Einzelheiten verlangen;<br \/>\n<strong>Recht auf Berichtigung\u00a0\u00a0\u00a0\u00a0\u00a0<\/strong><br \/>\nSie haben das Recht gem\u00e4\u00df Art. 16 DSGVO unverz\u00fcglich die Berichtigung unrichtiger oder Vervollst\u00e4ndigung Ihrer bei mir gespeicherten personenbezogenen Daten zu verlangen;<br \/>\n<strong>Recht auf L\u00f6schung \/ Recht auf Vergessenwerden\u00a0\u00a0\u00a0<\/strong><br \/>\nSie haben das Recht gem\u00e4\u00df Art. 17 DSGVO die L\u00f6schung Ihrer bei mir gespeicherten personenbezogenen Daten zu verlangen, soweit nicht die Verarbeitung zur Aus\u00fcbung des Rechts auf freie Meinungs\u00e4u\u00dferung und Information, zur Erf\u00fcllung einer rechtlichen Verpflichtung, aus Gr\u00fcnden des \u00f6ffentlichen Interesses oder zur Geltendmachung, Aus\u00fcbung oder Verteidigung von Rechtsanspr\u00fcchen erforderlich ist.<br \/>\n<strong>Recht auf Einschr\u00e4nkung der Verarbeitung\u00a0<\/strong><br \/>\nSie haben das Recht gem\u00e4\u00df Art. 18 DSGVO die Einschr\u00e4nkung der Verarbeitung Ihrer personenbezogenen Daten zu verlangen, soweit die Richtigkeit der Daten von Ihnen bestritten wird, die Verarbeitung unrechtm\u00e4\u00dfig ist, Sie aber deren L\u00f6schung ablehnen und ich die Daten nicht mehr ben\u00f6tige, Sie jedoch diese zur Geltendmachung, Aus\u00fcbung oder Verteidigung von Rechtsanspr\u00fcchen ben\u00f6tigen oder Sie gem\u00e4\u00df Art. 21 DSGVO Widerspruch gegen die Verarbeitung eingelegt haben;<br \/>\n<strong>Recht auf Daten\u00fcbertragbarkeit\u00a0\u00a0\u00a0\u00a0<\/strong><br \/>\nSie haben das Recht gem\u00e4\u00df Art. 20 DSGVO Ihre personenbezogenen Daten, die Sie mir bereitgestellt haben, in einem strukturierten, g\u00e4ngigen und maschinenlesebaren Format zu erhalten oder die \u00dcbermittlung an einen anderen Verantwortlichen zu verlangen.<br \/>\n<strong>Erteilte Einwilligung\u00a0<\/strong><br \/>\nGem\u00e4\u00df Art. 7 Abs. 3 DSGVO haben Sie das Recht Ihre einmal erteilte Einwilligung jederzeit mir gegen\u00fcber zu widerrufen. Dies hat zur Folge, dass ich die Datenverarbeitung, die auf dieser Einwilligung beruhte, f\u00fcr die Zukunft nicht mehr fortf\u00fchren darf.<br \/>\n<strong>Recht auf Beschwerde bei einer Aufsichtsbeh\u00f6rde\u00a0\u00a0<\/strong><br \/>\nSie haben das Recht gem\u00e4\u00df Art. 77 DSGVO sich bei einer Aufsichtsbeh\u00f6rde zu beschweren. In der Regel k\u00f6nnen Sie sich hierf\u00fcr an die Aufsichtsbeh\u00f6rde Ihres \u00fcblichen Aufenthaltsortes oder Arbeitsplatzes oder meines Praxissitzes wenden.<br \/>\n<strong>Widerspruchsrecht<\/strong><br \/>\nSofern Ihre personenbezogenen Daten auf Grundlage von berechtigten Interessen gem\u00e4\u00df Art. 6 Abs. 1 S. 1 lit. f DSGVO verarbeitet werden, haben Sie das Recht, gem\u00e4\u00df Art. 21 DSGVO Widerspruch gegen die Verarbeitung Ihrer personenbezogenen Daten einzulegen, soweit daf\u00fcr Gr\u00fcnde vorliegen, die sich aus Ihrer besonderen Situation ergeben oder sich der Widerspruch gegen Direktwerbung richtet. Im letzteren Fall haben Sie ein generelles Widerspruchsrecht, das ohne Angabe einer besonderen Situation von mir umgesetzt wird.<br \/>\nM\u00f6chten Sie von Ihrem Widerrufs- oder Widerspruchsrecht Gebrauch machen, teilen Sie mir dies mit: info@physio-edelbauer.de<\/p>\n<p>&nbsp;<\/p>\n<ol start=\"5\">\n<li><strong> Erhebung und Speicherung personenbezogener Daten sowie Art und Zweck von deren Verwendung<\/strong><\/li>\n<\/ol>\n<p>Ich verarbeite personenbezogene Daten der Nutzer nur unter Einhaltung der einschl\u00e4gigen Datenschutzbestimmungen entsprechend den Geboten der Datensparsamkeit- und Datenvermeidung. Das bedeutet die Daten der Nutzer werden nur beim Vorliegen einer gesetzlichen Erlaubnis, insbesondere wenn die Daten zur Erbringung meiner vertraglichen Leistungen sowie meiner Onlinepr\u00e4senz erforderlich, bzw. gesetzlich vorgeschrieben sind oder beim Vorliegen einer Einwilligung verarbeitet.<\/p>\n<p>&nbsp;<\/p>\n<p><strong>5.1 Kontaktaufnahme<\/strong><\/p>\n<p>Bei der Kontaktaufnahme mit meiner Praxis (z.B. per Telefon oder E-Mail (dogado GmbH, Saarlandstr. 25, D-44139 Dortmund, Germany. Die Datenschutzbestimmungen des Versanddienstleisters k\u00f6nnen Sie hier einsehen: https:\/\/www.dogado.de\/datenschutz\/)) werden die Angaben des Nutzers zur Bearbeitung der Kontaktanfrage und deren Abwicklung gem. Art. 6 Abs. 1 lit. b) DSGVO verarbeitet. Die Daten werden auf meinem Praxis-PC (Praxisverwaltungssoftware prothea des Schweriner Rechenzentrums f\u00fcr Heilberufe GmbH (Standort Deutschland)) und in Papierform gespeichert.<\/p>\n<p>Ich l\u00f6sche die Anfragen, sofern diese nicht mehr erforderlich sind. Ich \u00fcberpr\u00fcfe die Erforderlichkeit alle zwei Jahre; ferner gelten die gesetzlichen Archivierungspflichten.<\/p>\n<p><strong>5.2 Gesch\u00e4ftsbezogene Verarbeitung<\/strong><\/p>\n<p>Ich arbeite in meiner Praxis mit der Praxisverwaltungssoftware prothea der NOVENTI HealthCare GmbH, Gesch\u00e4ftsbereich Schweriner Rechenzentrum f\u00fcr Heilberufe, Wismarsche Str. 304, 19055 Schwerin, www.srzh.de.<\/p>\n<p>Auch die Abrechnung der Kassenrezepte erfolgt \u00fcber oben genanntes Rechenzentrum.<\/p>\n<p>Zwischen der NOVENTI HealthCare GmbH und mir besteht ein AV-Vertrag. Es gelten die Datenschutzbestimmungen meines Vertragspartners, https:\/\/srzh.de\/datenschutz.html, https:\/\/prothea.de\/datenschutz.html.<\/p>\n<p>&nbsp;<\/p>\n<p>Wenn Sie meine Praxis bez\u00fcglich meiner Angebote kontaktieren, ihr Interesse bekunden, Gesch\u00e4ftspartner oder Patient sind oder werden wollen, werden automatisch Informationen allgemeiner Natur erfasst. Diese Informationen beinhalten etwa:<\/p>\n<ul>\n<li>Bestandsdaten (z.B. Namen, Adressen, Krankenkassen)<\/li>\n<li>Kontaktdaten (z.B. E-Mail, Telefonnummer)<\/li>\n<li>Inhaltsdaten (z.B. Texteingaben, Diagnosen)<\/li>\n<li>Nutzungsdaten (z.B. Interesse an Angeboten)<\/li>\n<li>Vertragsdaten (z.B. Vertragsgegenstand, Laufzeit, Kundenkategorie)<\/li>\n<li>Zahlungsdaten (z.B. Quittungen)<\/li>\n<\/ul>\n<p>&nbsp;<\/p>\n<p>Der Zweck der Verarbeitung kann sein:<\/p>\n<ul>\n<li>Buchhaltung<\/li>\n<li>Reibungslose Organisation<\/li>\n<li>M\u00f6glichkeit der Kontaktaufnahme betreffend vereinbarter Termine<\/li>\n<li>Informationsweiterleitung an den Kunden (Werbung, Benachrichtigungen)<\/li>\n<li>Praxisinterner Datenfluss (z.B. Anmeldekraft)<\/li>\n<li>Erbringung vertraglicher Leistungen<\/li>\n<li>Service und Kundenpflege<\/li>\n<li>Marketing<\/li>\n<li>Die zur Verf\u00fcgungsstellung, Ausf\u00fchrung, Pflege, Optimierung und Sicherung unserer Dienste und Nutzerleistungen<\/li>\n<\/ul>\n<p>Wir offenbaren oder \u00fcbermitteln Daten an die Finanzverwaltung, Berater, wie z.B., Steuerberater sowie weitere Geb\u00fchrenstellen und Zahlungsdienstleister.<\/p>\n<p>Ferner speichere ich auf Grundlage unserer betriebswirtschaftlichen Interessen Angaben zu Lieferanten, Veranstaltern und sonstigen Gesch\u00e4ftspartnern, z.B. zwecks sp\u00e4terer Kontaktaufnahme. Diese mehrheitlich unternehmensbezogenen Daten, speichere ich grunds\u00e4tzlich dauerhaft.<\/p>\n<p><strong>5.3 Besuch der Website<\/strong><\/p>\n<p><strong>Hosting<\/strong><br \/>\nMein Webhoster ist:<br \/>\ndogado GmbH, Saarlandstr. 25, D-44139 Dortmund, Germany<br \/>\nDie Datenschutzbestimmungen des Versanddienstleisters k\u00f6nnen Sie hier einsehen:\u00a0\u00a0 https:\/\/www.dogado.de\/datenschutz\/<\/p>\n<p>\u00dcber unseren Hoster nutze ich wordpress.com der Automattic Inc., 60 29th Street\u00a0#343, San Francisco, CA 94110, United States of America, deren Datenschutzbestimmungen finden Sie hier: https:\/\/automattic.com\/privacy\/<\/p>\n<p>Die von mir in Anspruch genommenen Hosting-Leistungen dienen der Zurverf\u00fcgungstellung der folgenden Leistungen: Infrastruktur- und Plattformdienstleistungen, Rechenkapazit\u00e4t, Speicherplatz und Datenbankdienste, Sicherheitsleistungen sowie technische Wartungsleistungen, die ich zum Zwecke des Betriebs dieses Onlineangebotes einsetze.<\/p>\n<p><strong>Erhebung von Zugriffsdaten und Logfiles<\/strong><br \/>\nWenn Sie auf meine Webseite www.physio-edelbauer.de zugreifen, werden automatisch Informationen allgemeiner Natur erfasst. Diese Informationen (Zugriff-Logfiles und Fehler-Logfiles) beinhalten etwa:<\/p>\n<ul>\n<li>die Art des Webbrowsers<\/li>\n<li>besuchte Website<\/li>\n<li>Menge der gesendeten Daten in Byte<\/li>\n<li>das verwendete Betriebssystem<\/li>\n<li>den Domainnamen Ihres Internet Service Providers<\/li>\n<li>die Website von der aus der Zugriff erfolgt (Referrer-URL \u2013 Quelle\/Verweis)<\/li>\n<li>Name und URL der abgerufenen Datei<\/li>\n<li>Datum und Uhrzeit des Zugriffs<\/li>\n<li>IP Adresse des anfragenden Rechners (in anonymisierte Form \u2013 das letzte Oktett wird genullt und nach sp\u00e4testens 14 Tagen gel\u00f6scht)<\/li>\n<li>und \u00c4hnliches<\/li>\n<\/ul>\n<p>Hierbei werden also \u00a0Bestandsdaten, Kontaktdaten, Inhaltsdaten, Vertragsdaten, Nutzungsdaten, Meta- und Kommunikationsdaten von Kunden, Interessenten und Besuchern dieses Onlineangebotes verarbeitet.<\/p>\n<p>Hierbei handelt es sich ausschlie\u00dflich um Informationen, welche keine R\u00fcckschl\u00fcsse auf Ihre Person zulassen. Diese Informationen sind technisch notwendig, um von Ihnen angeforderte Inhalte von Webseiten korrekt auszuliefern und fallen bei Nutzung des Internets zwingend an. Anonyme Informationen dieser Art werden statistisch ausgewertet, um unseren Internetauftritt und die dahinterstehende Technik zu optimieren.<\/p>\n<p>Der Zweck der Verarbeitung kann sein:<\/p>\n<ul>\n<li>Gew\u00e4hrleistung eines reibungslosen Verbindungsaufbaus der Website<\/li>\n<li>Gew\u00e4hrleistung einer komfortablen Nutzung meiner Website<\/li>\n<li>Auswertung der Systemsicherheit und -stabilit\u00e4t<\/li>\n<li>Sicherheitsma\u00dfnahmen<\/li>\n<li>statistische Auswertung<\/li>\n<li>sowie zu weiteren administrativen Zwecken.<\/li>\n<\/ul>\n<p>Die Rechtsgrundlage f\u00fcr die Datenverarbeitung ist Art. 6 Abs. 1 S. 1 lit. f DSGVO. Mein berechtigtes Interesse folgt aus oben aufgelisteten Zwecken zur Datenerhebung. In keinem Fall verwende ich die erhobenen Daten zu dem Zweck, R\u00fcckschl\u00fcsse auf Ihre Person zu ziehen. F\u00fcr die datenschutzgerechte Verarbeitung der Daten habe ich einen AV-Vertrag mit meinem Hoster geschlossen.<br \/>\nL\u00f6schung der Logfiles erfolgt dann nach sp\u00e4testens 14 Tagen.<\/p>\n<p><strong>Cookies<\/strong><\/p>\n<p>Ich setze auf meiner Seite Cookies ein. Hierbei handelt es sich um kleine Dateien, die Ihr Browser automatisch erstellt und die auf Ihrem Endger\u00e4t (Laptop, Tablet, Smartphone o.\u00e4.) gespeichert werden, wenn Sie meine Seite besuchen. Cookies richten auf Ihrem Endger\u00e4t keinen Schaden an, enthalten keine Viren, Trojaner oder sonstige Schadsoftware.<\/p>\n<p>In dem Cookie werden Informationen abgelegt, die sich jeweils im Zusammenhang mit dem spezifisch eingesetzten Endger\u00e4t ergeben. Dies bedeutet jedoch nicht, dass ich dadurch unmittelbar Kenntnis von Ihrer Identit\u00e4t erhalte.<\/p>\n<p>Der Einsatz von Cookies dient einerseits dazu, die Nutzung meines Angebots f\u00fcr Sie angenehmer zu gestalten. So setze ich sogenannte Session-Cookies ein, um zu erkennen, dass Sie einzelne Seiten meiner Website bereits besucht haben. Diese werden nach Verlassen meiner Seite automatisch gel\u00f6scht.<\/p>\n<p>Dar\u00fcber hinaus setze ich ebenfalls zur Optimierung der Benutzerfreundlichkeit tempor\u00e4re Cookies ein, die f\u00fcr einen bestimmten festgelegten Zeitraum auf Ihrem Endger\u00e4t gespeichert werden. Besuchen Sie meine Seite erneut, um meine Dienste in Anspruch zu nehmen, wird automatisch erkannt, dass Sie bereits bei mir waren und welche Eingaben und Einstellungen Sie get\u00e4tigt haben, um diese nicht noch einmal eingeben zu m\u00fcssen.<\/p>\n<p>Die durch Cookies verarbeiteten Daten sind f\u00fcr die genannten Zwecke zur Wahrung meiner berechtigten Interessen sowie der Dritter nach Art. 6 Abs. 1 S. 1 lit. f DSGVO erforderlich.<\/p>\n<p>Die meisten Browser akzeptieren Cookies automatisch. Sie k\u00f6nnen Ihren Browser jedoch so konfigurieren, dass keine Cookies auf Ihrem Computer gespeichert werden oder stets ein Hinweis erscheint, bevor ein neuer Cookie angelegt wird. Die vollst\u00e4ndige Deaktivierung von Cookies kann jedoch dazu f\u00fchren, dass Sie nicht alle Funktionen meiner Website nutzen k\u00f6nnen.<\/p>\n<p><strong>Datensicherheit<\/strong><br \/>\nMein Webhoster sichert sich mit einer web-application-firewall sowie einer modernen Containerisolation meiner Website gegen Angriffe ab.<\/p>\n<p><strong>SSL-Verschl\u00fcsselung<\/strong><br \/>\nUm die Sicherheit Ihrer Daten bei der \u00dcbertragung zu sch\u00fctzen, verwende ich innerhalb des Website-Besuchs das SSL-Verfahren (Secure Socket Layer). Ob eine einzelne Seite meines Internetauftrittes verschl\u00fcsselt \u00fcbertragen wird, erkennen Sie an der geschlossenen Darstellung des Sch\u00fcssel- beziehungsweise Schloss-Symbols in der Browser Adress- oder Fu\u00dfleiste.<\/p>\n<p>Ich treffe organisatorische, vertragliche und technische Sicherheitsma\u00dfnahmen entsprechend dem Stand der Technik, um sicher zu stellen, dass die Vorschriften der Datenschutzgesetze eingehalten werden und um damit die durch uns verarbeiteten Daten gegen zuf\u00e4llige oder vors\u00e4tzliche Manipulationen, Verlust, Zerst\u00f6rung oder gegen den Zugriff unberechtigter Personen zu sch\u00fctzen.<\/p>\n<ol start=\"6\">\n<li><strong> Dauer der Speicherung<\/strong><\/li>\n<\/ol>\n<p>Die von mir verarbeiteten Daten werden nach Ma\u00dfgabe der Art. 17 und 18 DSGVO gel\u00f6scht oder in ihrer Verarbeitung eingeschr\u00e4nkt. Sofern nicht im Rahmen dieser Datenschutzerkl\u00e4rung ausdr\u00fccklich angegeben, werden die bei mir gespeicherten Daten gel\u00f6scht, sobald sie f\u00fcr ihre Zweckbestimmung nicht mehr erforderlich sind und der L\u00f6schung keine gesetzlichen Aufbewahrungspflichten entgegenstehen. Sofern die Daten nicht gel\u00f6scht werden, weil sie f\u00fcr andere und gesetzlich zul\u00e4ssige Zwecke erforderlich sind, wird deren Verarbeitung eingeschr\u00e4nkt. D.h. die Daten werden gesperrt und nicht f\u00fcr andere Zwecke verarbeitet. Das gilt z.B. f\u00fcr Daten, die aus handels- oder steuerrechtlichen Gr\u00fcnden aufbewahrt werden m\u00fcssen.<br \/>\nNach gesetzlichen Vorgaben in Deutschland erfolgt die Aufbewahrung insbesondere f\u00fcr 6 Jahre gem\u00e4\u00df \u00a7 257 Abs. 1 HGB (Handelsb\u00fccher, Inventare, Er\u00f6ffnungsbilanzen, Jahresabschl\u00fcsse, Handelsbriefe, Buchungsbelege, etc.) sowie f\u00fcr 10 Jahre gem\u00e4\u00df \u00a7 147 Abs. 1 AO (B\u00fccher, Aufzeichnungen, Lageberichte, Buchungsbelege, Handels- und Gesch\u00e4ftsbriefe, F\u00fcr Besteuerung relevante Unterlagen, etc.).<\/p>\n<ol start=\"7\">\n<li><strong> \u00dcbermittlungen in Drittl\u00e4nder<\/strong><\/li>\n<\/ol>\n<p>Sofern ich Daten in einem Drittland (d.h. au\u00dferhalb der Europ\u00e4ischen Union (EU) oder des Europ\u00e4ischen Wirtschaftsraums (EWR)) verarbeite oder dies im Rahmen der Inanspruchnahme von Diensten Dritter oder Offenlegung, bzw. \u00dcbermittlung von Daten an Dritte geschieht, erfolgt dies nur, wenn es zur Erf\u00fcllung meiner (vor)vertraglichen Pflichten, auf Grundlage Ihrer Einwilligung, aufgrund einer rechtlichen Verpflichtung oder auf Grundlage meiner berechtigten Interessen geschieht. Vorbehaltlich gesetzlicher oder vertraglicher Erlaubnisse, verarbeite oder lasse ich die Daten in einem Drittland nur beim Vorliegen der besonderen Voraussetzungen der Art. 44 ff. DSGVO verarbeiten. D.h. die Verarbeitung erfolgt z.B. auf Grundlage besonderer Garantien, wie der offiziell anerkannten Feststellung eines der EU entsprechenden Datenschutzniveaus (z.B. f\u00fcr die USA durch das \u201ePrivacy Shield\u201c) oder Beachtung offiziell anerkannter spezieller vertraglicher Verpflichtungen (so genannte \u201eStandardvertragsklauseln\u201c).<\/p>\n<ol start=\"8\">\n<li><strong> Nutzung von Google<\/strong><\/li>\n<\/ol>\n<p>Ich nutze Google und damit verbundene Angebote, z.B. Google Plus, Google-Maps, au\u00dferdem binde ich die Schriftarten (\u201eGoogle Fonts\u201c) auf meiner Website ein.<br \/>\nDaf\u00fcr gelten die Gesch\u00e4ftsbedingungen und die Datenverarbeitungsrichtlinien von:<br \/>\nGoogle LLC, 1600 Amphitheatre Parkway, Mountain View, CA 94043, USA<br \/>\nDie Datenschutzbestimmungen k\u00f6nnen Sie hier einsehen, dort k\u00f6nnen Sie im Datenschutzcenter auch Ihre pers\u00f6nlichen Datenschutz-Einstellungen ver\u00e4ndern: https:\/\/policies.google.com\/privacy?hl=de.<\/p>\n<ol start=\"9\">\n<li><strong> Aktualit\u00e4t und \u00c4nderung dieser Datenschutzerkl\u00e4rung<\/strong><\/li>\n<\/ol>\n<p>Diese Datenschutzerkl\u00e4rung ist aktuell g\u00fcltig und hat den Stand Mai 2018.<\/p>\n<p>Durch die Weiterentwicklung meiner Website und Angebote dar\u00fcber oder aufgrund ge\u00e4nderter gesetzlicher beziehungsweise beh\u00f6rdlicher Vorgaben kann es notwendig werden, diese Datenschutzerkl\u00e4rung zu \u00e4ndern. Die jeweils aktuelle Datenschutzerkl\u00e4rung kann jederzeit auf der Website unter https:\/\/www.physio-edelbauer.de von Ihnen abgerufen und ausgedruckt werden. F\u00fcr Ihren erneuten Besuch gilt dann die neue Datenschutzerkl\u00e4rung.<\/p>\n<ol start=\"10\">\n<li><strong> Fragen zur Datenschutzerkl\u00e4rung<\/strong><\/li>\n<\/ol>\n<p>Wenn Sie Fragen zum Datenschutz haben, schreiben Sie mir bitte eine E-Mail:<br \/>\ninfo@physio-edelbauer.de<\/p>\n<p>&nbsp;<\/p>\n","protected":false},"excerpt":{"rendered":"<p>Datenschutzerkl\u00e4rung Datenschutzerkl\u00e4rung nach DSGVO Verantwortliche Stelle im Sinne der DatenSchutzGrundVerordnung (DSGVO): Physio Syna Edelbauer Im Rosental 7 61231 Bad Nauheim Tel.: +49 6032 9374735 Vertreten durch: Syna Edelbauer Kategorien betroffener Personen Besucher und Nutzer der&hellip; <a href=\"https:\/\/physio-edelbauer.de\/?page_id=46\">Mehr<\/a><\/p>\n","protected":false},"author":1,"featured_media":0,"parent":36,"menu_order":1,"comment_status":"closed","ping_status":"closed","template":"","meta":{"footnotes":""},"class_list":["post-46","page","type-page","status-publish","hentry"],"_links":{"self":[{"href":"https:\/\/physio-edelbauer.de\/index.php?rest_route=\/wp\/v2\/pages\/46","targetHints":{"allow":["GET"]}}],"collection":[{"href":"https:\/\/physio-edelbauer.de\/index.php?rest_route=\/wp\/v2\/pages"}],"about":[{"href":"https:\/\/physio-edelbauer.de\/index.php?rest_route=\/wp\/v2\/types\/page"}],"author":[{"embeddable":true,"href":"https:\/\/physio-edelbauer.de\/index.php?rest_route=\/wp\/v2\/users\/1"}],"replies":[{"embeddable":true,"href":"https:\/\/physio-edelbauer.de\/index.php?rest_route=%2Fwp%2Fv2%2Fcomments&post=46"}],"version-history":[{"count":4,"href":"https:\/\/physio-edelbauer.de\/index.php?rest_route=\/wp\/v2\/pages\/46\/revisions"}],"predecessor-version":[{"id":188,"href":"https:\/\/physio-edelbauer.de\/index.php?rest_route=\/wp\/v2\/pages\/46\/revisions\/188"}],"up":[{"embeddable":true,"href":"https:\/\/physio-edelbauer.de\/index.php?rest_route=\/wp\/v2\/pages\/36"}],"wp:attachment":[{"href":"https:\/\/physio-edelbauer.de\/index.php?rest_route=%2Fwp%2Fv2%2Fmedia&parent=46"}],"curies":[{"name":"wp","href":"https:\/\/api.w.org\/{rel}","templated":true}]}}