{"id":5,"date":"2017-05-13T18:49:34","date_gmt":"2017-05-13T18:49:34","guid":{"rendered":"http:\/\/physio-edelbauer.de\/?page_id=5"},"modified":"2025-06-17T12:33:20","modified_gmt":"2025-06-17T12:33:20","slug":"physio-edelbauber","status":"publish","type":"page","link":"https:\/\/physio-edelbauer.de\/","title":{"rendered":"Home"},"content":{"rendered":"<h1 style=\"text-align: center;\">\u00a0Herzlich Willkommen auf der Seite<br \/>\nvon &#8222;Physio Syna Edelbauer&#8220;!<\/h1>\n<p><!--more--><\/p>\n<p>Liebe Patienten, liebe Kunden,<\/p>\n<p>sch\u00f6n, dass Sie meine Seite im Internet gefunden haben. Hier stelle ich meine Praxis f\u00fcr Physiotherapie in Wisselsheim, einem Stadtteil von Bad Nauheim, vor. Mir ist es besonders wichtig, dass Sie sich vorab ein Bild von mir und meinen R\u00e4umlichkeiten machen k\u00f6nnen.<\/p>\n<figure id=\"attachment_145\" aria-describedby=\"caption-attachment-145\" style=\"width: 5472px\" class=\"wp-caption aligncenter\"><a href=\"http:\/\/physio-edelbauer.de\/wp-content\/uploads\/2017\/05\/Syna-Physio-Edelbauer.jpg\"><img loading=\"lazy\" decoding=\"async\" class=\"wp-image-145 size-full\" src=\"http:\/\/physio-edelbauer.de\/wp-content\/uploads\/2017\/05\/Syna-Physio-Edelbauer.jpg\" alt=\"\" width=\"5472\" height=\"3280\" srcset=\"https:\/\/physio-edelbauer.de\/wp-content\/uploads\/2017\/05\/Syna-Physio-Edelbauer.jpg 5472w, https:\/\/physio-edelbauer.de\/wp-content\/uploads\/2017\/05\/Syna-Physio-Edelbauer-300x180.jpg 300w, https:\/\/physio-edelbauer.de\/wp-content\/uploads\/2017\/05\/Syna-Physio-Edelbauer-768x460.jpg 768w, https:\/\/physio-edelbauer.de\/wp-content\/uploads\/2017\/05\/Syna-Physio-Edelbauer-1024x614.jpg 1024w, https:\/\/physio-edelbauer.de\/wp-content\/uploads\/2017\/05\/Syna-Physio-Edelbauer-940x563.jpg 940w, https:\/\/physio-edelbauer.de\/wp-content\/uploads\/2017\/05\/Syna-Physio-Edelbauer-667x400.jpg 667w\" sizes=\"auto, (max-width: 5472px) 100vw, 5472px\" \/><\/a><figcaption id=\"caption-attachment-145\" class=\"wp-caption-text\">Syna Edelbauer, Physiotherapeutin (B.Sc.) und Inhaberin<\/figcaption><\/figure>\n<p>Nach meinem Studium der Physiotherapie an der Europa Fachhochschule Fresenius, in dem ich mich auf Sport spezialisiert habe, habe ich die ersten f\u00fcnf Jahre meines Berufslebens im Gesundheitszentrum Wetterau gearbeitet, um m\u00f6glichst viele Krankheitsbilder kennen und behandeln zu lernen. Mein Einsatzbereich war breit gef\u00e4chert, von Chirurgie, Innere Medizin, Geriatrie, Intensiv und Stroke Unit \u00fcber Ambulanz. Noch w\u00e4hrend meiner Anstellung im GZW, betreute ich ab 2012 die 1. Mannschaft des EC Bad Nauheim. Um besser f\u00fcr die Spieler erreichbar zu sein, wechselte ich 2013 meine Arbeitsstelle und behandelte von nun an im Fitdelio W\u00f6lfersheim (zu damaliger Zeit Physiopartner des EC Bad Nauheim).<\/p>\n<p>Um mein sportphysiotherapeutisches Wissen weiter zu vertiefen, belegte ich 2013 bei Klaus Eder, Physiotherapeut der deutschen Fu\u00dfballnationalmannschaft, eine Weiterbildung zum Sportphysiotherapeut (DOSB anerkannt).<\/p>\n<p>Von 2012-2015 und 2020-2023 betreute ich die Spieler des EC Bad Nauheim, in denen der Aufstieg in die zweite deutsche Eishockeyliga (DEL2) sicherlich der sch\u00f6nste Moment in dieser Zeit war.<\/p>\n<p>2014 bot sich eine weitere Herausforderung, die sportphysiotherapeutische Versorgung der Rennfahrer von Falken Motorsports beim 24h-Rennen am N\u00fcrburgring. Bis heute freue ich mich jedes Jahr wieder auf den Ring! Eine Erfahrung, die ich nicht missen m\u00f6chte.<\/p>\n<p>Im Juli 2017 war es dann soweit und der Traum von einer eigenen Praxis hat sich endlich erf\u00fcllt.<\/p>\n<p>Ich m\u00f6chte Ihnen eine optimale physiotherapeutische Betreuung bieten, in famili\u00e4rem Ambiente zum Wohlf\u00fchlen.<\/p>\n<p><em>Wenn du das Beste m\u00f6chtest,<\/em> <em>musst du dein Bestes geben!<\/em><\/p>\n<p>Viele Gr\u00fc\u00dfe und hoffentlich bis bald!<\/p>\n<p>Syna Edelbauer<\/p>\n<p><img loading=\"lazy\" decoding=\"async\" class=\"alignnone wp-image-64 size-full\" src=\"http:\/\/physio-edelbauer.de\/wp-content\/uploads\/2017\/05\/Termine-PhysioEdelbauer.jpg\" alt=\"\" width=\"956\" height=\"165\" srcset=\"https:\/\/physio-edelbauer.de\/wp-content\/uploads\/2017\/05\/Termine-PhysioEdelbauer.jpg 956w, https:\/\/physio-edelbauer.de\/wp-content\/uploads\/2017\/05\/Termine-PhysioEdelbauer-300x52.jpg 300w, https:\/\/physio-edelbauer.de\/wp-content\/uploads\/2017\/05\/Termine-PhysioEdelbauer-768x133.jpg 768w, https:\/\/physio-edelbauer.de\/wp-content\/uploads\/2017\/05\/Termine-PhysioEdelbauer-940x162.jpg 940w\" sizes=\"auto, (max-width: 956px) 100vw, 956px\" \/><\/p>\n<p><a href=\"http:\/\/physio-edelbauer.de\/wp-content\/uploads\/2017\/05\/Telefon-Physio-Edelbauer-1.jpg\"><img loading=\"lazy\" decoding=\"async\" class=\"aligncenter wp-image-148 size-large\" src=\"http:\/\/physio-edelbauer.de\/wp-content\/uploads\/2017\/05\/Telefon-Physio-Edelbauer-1-1024x683.jpg\" alt=\"\" width=\"760\" height=\"507\" srcset=\"https:\/\/physio-edelbauer.de\/wp-content\/uploads\/2017\/05\/Telefon-Physio-Edelbauer-1-1024x683.jpg 1024w, https:\/\/physio-edelbauer.de\/wp-content\/uploads\/2017\/05\/Telefon-Physio-Edelbauer-1-300x200.jpg 300w, https:\/\/physio-edelbauer.de\/wp-content\/uploads\/2017\/05\/Telefon-Physio-Edelbauer-1-768x512.jpg 768w, https:\/\/physio-edelbauer.de\/wp-content\/uploads\/2017\/05\/Telefon-Physio-Edelbauer-1-940x627.jpg 940w, https:\/\/physio-edelbauer.de\/wp-content\/uploads\/2017\/05\/Telefon-Physio-Edelbauer-1-600x400.jpg 600w\" sizes=\"auto, (max-width: 760px) 100vw, 760px\" \/><\/a><\/p>\n<p><strong>Rufen Sie mich an und vereinbaren Sie einfach einen Termin.<\/strong><br \/>\nWenn ich in Behandlung bin, m\u00f6chte ich mich ganz meinem Patient widmen. Bitte haben Sie Verst\u00e4ndnis, dass ich deshalb nicht immer sofort ans Telefon gehen kann.\u00a0 In solchen F\u00e4llen sprechen Sie mir bitte auf den Anrufbeantworter. Danke!<\/p>\n<p>Dienstags von 15.00-18.00 Uhr ist das Telefon von meinem Praxisteam besetzt und Sie k\u00f6nnen direkt Termine vereinbaren.<\/p>\n<p style=\"text-align: center;\"><a href=\"http:\/\/physio-edelbauer.de\/wp-content\/uploads\/2017\/05\/Visitenkarte-hinten-Grafik.jpg\"><img loading=\"lazy\" decoding=\"async\" class=\"aligncenter wp-image-23\" src=\"http:\/\/physio-edelbauer.de\/wp-content\/uploads\/2017\/05\/Visitenkarte-hinten-Grafik.jpg\" alt=\"\" width=\"1180\" height=\"765\" srcset=\"https:\/\/physio-edelbauer.de\/wp-content\/uploads\/2017\/05\/Visitenkarte-hinten-Grafik.jpg 1180w, https:\/\/physio-edelbauer.de\/wp-content\/uploads\/2017\/05\/Visitenkarte-hinten-Grafik-300x194.jpg 300w, https:\/\/physio-edelbauer.de\/wp-content\/uploads\/2017\/05\/Visitenkarte-hinten-Grafik-768x498.jpg 768w, https:\/\/physio-edelbauer.de\/wp-content\/uploads\/2017\/05\/Visitenkarte-hinten-Grafik-1024x664.jpg 1024w, https:\/\/physio-edelbauer.de\/wp-content\/uploads\/2017\/05\/Visitenkarte-hinten-Grafik-940x609.jpg 940w, https:\/\/physio-edelbauer.de\/wp-content\/uploads\/2017\/05\/Visitenkarte-hinten-Grafik-617x400.jpg 617w\" sizes=\"auto, (max-width: 1180px) 100vw, 1180px\" \/><\/a><\/p>\n","protected":false},"excerpt":{"rendered":"<p>\u00a0Herzlich Willkommen auf der Seite von &#8222;Physio Syna Edelbauer&#8220;!<\/p>\n","protected":false},"author":1,"featured_media":0,"parent":0,"menu_order":0,"comment_status":"closed","ping_status":"closed","template":"","meta":{"footnotes":""},"class_list":["post-5","page","type-page","status-publish","hentry"],"_links":{"self":[{"href":"https:\/\/physio-edelbauer.de\/index.php?rest_route=\/wp\/v2\/pages\/5","targetHints":{"allow":["GET"]}}],"collection":[{"href":"https:\/\/physio-edelbauer.de\/index.php?rest_route=\/wp\/v2\/pages"}],"about":[{"href":"https:\/\/physio-edelbauer.de\/index.php?rest_route=\/wp\/v2\/types\/page"}],"author":[{"embeddable":true,"href":"https:\/\/physio-edelbauer.de\/index.php?rest_route=\/wp\/v2\/users\/1"}],"replies":[{"embeddable":true,"href":"https:\/\/physio-edelbauer.de\/index.php?rest_route=%2Fwp%2Fv2%2Fcomments&post=5"}],"version-history":[{"count":39,"href":"https:\/\/physio-edelbauer.de\/index.php?rest_route=\/wp\/v2\/pages\/5\/revisions"}],"predecessor-version":[{"id":276,"href":"https:\/\/physio-edelbauer.de\/index.php?rest_route=\/wp\/v2\/pages\/5\/revisions\/276"}],"wp:attachment":[{"href":"https:\/\/physio-edelbauer.de\/index.php?rest_route=%2Fwp%2Fv2%2Fmedia&parent=5"}],"curies":[{"name":"wp","href":"https:\/\/api.w.org\/{rel}","templated":true}]}}