{"id":7,"date":"2017-05-13T18:49:34","date_gmt":"2017-05-13T18:49:34","guid":{"rendered":"http:\/\/physio-edelbauer.de\/?page_id=7"},"modified":"2017-08-01T10:23:17","modified_gmt":"2017-08-01T10:23:17","slug":"test-1","status":"publish","type":"page","link":"https:\/\/physio-edelbauer.de\/?page_id=7","title":{"rendered":"Praxis"},"content":{"rendered":"<p>&nbsp;<\/p>\n<p><img loading=\"lazy\" decoding=\"async\" class=\"alignnone wp-image-66 size-full\" src=\"http:\/\/physio-edelbauer.de\/wp-content\/uploads\/2017\/05\/Therapieformen-PhysioEdelbauer.jpg\" alt=\"\" width=\"765\" height=\"144\" srcset=\"https:\/\/physio-edelbauer.de\/wp-content\/uploads\/2017\/05\/Therapieformen-PhysioEdelbauer.jpg 765w, https:\/\/physio-edelbauer.de\/wp-content\/uploads\/2017\/05\/Therapieformen-PhysioEdelbauer-300x56.jpg 300w\" sizes=\"auto, (max-width: 765px) 100vw, 765px\" \/><\/p>\n<ul>\n<li>\n<h1>Krankengymnastik<\/h1>\n<\/li>\n<li>\n<h1>Krankengymnastik nach Bobath<br \/>\n(f\u00fcr Erwachsene)<\/h1>\n<\/li>\n<li>\n<h1>Manuelle Lymphdrainage<\/h1>\n<\/li>\n<li>\n<h1>Sportphysiotherapie<\/h1>\n<\/li>\n<li>\n<h1>klassische Massage<\/h1>\n<\/li>\n<li>\n<h1>Triggerpunkttherapie<\/h1>\n<\/li>\n<li>\n<h1>Kinesiotape<\/h1>\n<\/li>\n<li>\n<h1>Kryotherapie (Eis)<\/h1>\n<\/li>\n<li>\n<h1>W\u00e4rmetherapie<br \/>\n(Hei\u00dfluft, Naturmoorpackung, Hei\u00dfe Rolle)<\/h1>\n<\/li>\n<li>\n<h1>Ultraschalltherapie<\/h1>\n<\/li>\n<\/ul>\n<h1 style=\"text-align: center;\">-alle Kassen und privat-<\/h1>\n<p>&nbsp;<\/p>\n<h2>Sollte es Ihnen aus physischen Gr\u00fcnden nicht m\u00f6glich sein meine Praxis zu besuchen, mache ich auch<strong> Hausbesuche<\/strong>, soweit verordnet.<\/h2>\n<p>&nbsp;<\/p>\n<p>&nbsp;<\/p>\n<p><img loading=\"lazy\" decoding=\"async\" class=\"aligncenter wp-image-67 size-full\" src=\"http:\/\/physio-edelbauer.de\/wp-content\/uploads\/2017\/05\/Angebote-PhysioEdelbauer.jpg\" alt=\"\" width=\"765\" height=\"145\" srcset=\"https:\/\/physio-edelbauer.de\/wp-content\/uploads\/2017\/05\/Angebote-PhysioEdelbauer.jpg 765w, https:\/\/physio-edelbauer.de\/wp-content\/uploads\/2017\/05\/Angebote-PhysioEdelbauer-300x57.jpg 300w\" sizes=\"auto, (max-width: 765px) 100vw, 765px\" \/><\/p>\n<div id='gallery-1' class='gallery galleryid-7 gallery-columns-1 gallery-size-medium'><figure class='gallery-item'>\n\t\t\t<div class='gallery-icon landscape'>\n\t\t\t\t<a href='https:\/\/physio-edelbauer.de\/wp-content\/uploads\/2017\/05\/pinnwand-Physio-Edelbauer.jpg'><img loading=\"lazy\" decoding=\"async\" width=\"300\" height=\"200\" src=\"https:\/\/physio-edelbauer.de\/wp-content\/uploads\/2017\/05\/pinnwand-Physio-Edelbauer-300x200.jpg\" class=\"attachment-medium size-medium\" alt=\"\" aria-describedby=\"gallery-1-139\" srcset=\"https:\/\/physio-edelbauer.de\/wp-content\/uploads\/2017\/05\/pinnwand-Physio-Edelbauer-300x200.jpg 300w, https:\/\/physio-edelbauer.de\/wp-content\/uploads\/2017\/05\/pinnwand-Physio-Edelbauer-768x512.jpg 768w, https:\/\/physio-edelbauer.de\/wp-content\/uploads\/2017\/05\/pinnwand-Physio-Edelbauer-1024x683.jpg 1024w, https:\/\/physio-edelbauer.de\/wp-content\/uploads\/2017\/05\/pinnwand-Physio-Edelbauer-940x627.jpg 940w, https:\/\/physio-edelbauer.de\/wp-content\/uploads\/2017\/05\/pinnwand-Physio-Edelbauer-600x400.jpg 600w\" sizes=\"auto, (max-width: 300px) 100vw, 300px\" \/><\/a>\n\t\t\t<\/div>\n\t\t\t\t<figcaption class='wp-caption-text gallery-caption' id='gallery-1-139'>\n\t\t\t\tDie Geschenkidee, die stets gut ankommt!\n\t\t\t\t<\/figcaption><\/figure><figure class='gallery-item'>\n\t\t\t<div class='gallery-icon landscape'>\n\t\t\t\t<a href='https:\/\/physio-edelbauer.de\/wp-content\/uploads\/2017\/05\/Gutschein-Physio-Edelbauer.jpg'><img loading=\"lazy\" decoding=\"async\" width=\"300\" height=\"176\" src=\"https:\/\/physio-edelbauer.de\/wp-content\/uploads\/2017\/05\/Gutschein-Physio-Edelbauer-300x176.jpg\" class=\"attachment-medium size-medium\" alt=\"\" aria-describedby=\"gallery-1-135\" srcset=\"https:\/\/physio-edelbauer.de\/wp-content\/uploads\/2017\/05\/Gutschein-Physio-Edelbauer-300x176.jpg 300w, https:\/\/physio-edelbauer.de\/wp-content\/uploads\/2017\/05\/Gutschein-Physio-Edelbauer-768x452.jpg 768w, https:\/\/physio-edelbauer.de\/wp-content\/uploads\/2017\/05\/Gutschein-Physio-Edelbauer-1024x602.jpg 1024w, https:\/\/physio-edelbauer.de\/wp-content\/uploads\/2017\/05\/Gutschein-Physio-Edelbauer-940x553.jpg 940w, https:\/\/physio-edelbauer.de\/wp-content\/uploads\/2017\/05\/Gutschein-Physio-Edelbauer-680x400.jpg 680w\" sizes=\"auto, (max-width: 300px) 100vw, 300px\" \/><\/a>\n\t\t\t<\/div>\n\t\t\t\t<figcaption class='wp-caption-text gallery-caption' id='gallery-1-135'>\n\t\t\t\tGutscheine, verschenken Sie eine Entspannungspause!\n\t\t\t\t<\/figcaption><\/figure><figure class='gallery-item'>\n\t\t\t<div class='gallery-icon landscape'>\n\t\t\t\t<a href='https:\/\/physio-edelbauer.de\/wp-content\/uploads\/2017\/05\/Kundenkarte-Physio-Edelbauer.jpg'><img loading=\"lazy\" decoding=\"async\" width=\"300\" height=\"200\" src=\"https:\/\/physio-edelbauer.de\/wp-content\/uploads\/2017\/05\/Kundenkarte-Physio-Edelbauer-300x200.jpg\" class=\"attachment-medium size-medium\" alt=\"\" aria-describedby=\"gallery-1-136\" srcset=\"https:\/\/physio-edelbauer.de\/wp-content\/uploads\/2017\/05\/Kundenkarte-Physio-Edelbauer-300x200.jpg 300w, https:\/\/physio-edelbauer.de\/wp-content\/uploads\/2017\/05\/Kundenkarte-Physio-Edelbauer-768x512.jpg 768w, https:\/\/physio-edelbauer.de\/wp-content\/uploads\/2017\/05\/Kundenkarte-Physio-Edelbauer-1024x683.jpg 1024w, https:\/\/physio-edelbauer.de\/wp-content\/uploads\/2017\/05\/Kundenkarte-Physio-Edelbauer-940x627.jpg 940w, https:\/\/physio-edelbauer.de\/wp-content\/uploads\/2017\/05\/Kundenkarte-Physio-Edelbauer-600x400.jpg 600w\" sizes=\"auto, (max-width: 300px) 100vw, 300px\" \/><\/a>\n\t\t\t<\/div>\n\t\t\t\t<figcaption class='wp-caption-text gallery-caption' id='gallery-1-136'>\n\t\t\t\tKundenkarte &#8211; Treue lohnt sich!\n\t\t\t\t<\/figcaption><\/figure>\n\t\t<\/div>\n\n<p>&nbsp;<\/p>\n<p><img loading=\"lazy\" decoding=\"async\" class=\"alignnone wp-image-68 size-full\" src=\"http:\/\/physio-edelbauer.de\/wp-content\/uploads\/2017\/05\/Bildergalerie-PhysioEdelbauer.jpg\" alt=\"\" width=\"764\" height=\"145\" srcset=\"https:\/\/physio-edelbauer.de\/wp-content\/uploads\/2017\/05\/Bildergalerie-PhysioEdelbauer.jpg 764w, https:\/\/physio-edelbauer.de\/wp-content\/uploads\/2017\/05\/Bildergalerie-PhysioEdelbauer-300x57.jpg 300w\" sizes=\"auto, (max-width: 764px) 100vw, 764px\" \/><\/p>\n<div id='gallery-2' class='gallery galleryid-7 gallery-columns-1 gallery-size-large'><figure class='gallery-item'>\n\t\t\t<div class='gallery-icon landscape'>\n\t\t\t\t<img loading=\"lazy\" decoding=\"async\" width=\"760\" height=\"420\" src=\"https:\/\/physio-edelbauer.de\/wp-content\/uploads\/2017\/05\/Kundenkontakt-Physio-Edelbauer-1024x566.jpg\" class=\"attachment-large size-large\" alt=\"\" aria-describedby=\"gallery-2-137\" srcset=\"https:\/\/physio-edelbauer.de\/wp-content\/uploads\/2017\/05\/Kundenkontakt-Physio-Edelbauer-1024x566.jpg 1024w, https:\/\/physio-edelbauer.de\/wp-content\/uploads\/2017\/05\/Kundenkontakt-Physio-Edelbauer-300x166.jpg 300w, https:\/\/physio-edelbauer.de\/wp-content\/uploads\/2017\/05\/Kundenkontakt-Physio-Edelbauer-768x424.jpg 768w, https:\/\/physio-edelbauer.de\/wp-content\/uploads\/2017\/05\/Kundenkontakt-Physio-Edelbauer-940x519.jpg 940w, https:\/\/physio-edelbauer.de\/wp-content\/uploads\/2017\/05\/Kundenkontakt-Physio-Edelbauer-724x400.jpg 724w\" sizes=\"auto, (max-width: 760px) 100vw, 760px\" \/>\n\t\t\t<\/div>\n\t\t\t\t<figcaption class='wp-caption-text gallery-caption' id='gallery-2-137'>\n\t\t\t\tIch bin pers\u00f6nlich f\u00fcr Sie da!\n\t\t\t\t<\/figcaption><\/figure><figure class='gallery-item'>\n\t\t\t<div class='gallery-icon landscape'>\n\t\t\t\t<img loading=\"lazy\" decoding=\"async\" width=\"760\" height=\"437\" src=\"https:\/\/physio-edelbauer.de\/wp-content\/uploads\/2017\/05\/Anmeldung-Physio-Edelbauer-1024x589.jpg\" class=\"attachment-large size-large\" alt=\"\" aria-describedby=\"gallery-2-124\" srcset=\"https:\/\/physio-edelbauer.de\/wp-content\/uploads\/2017\/05\/Anmeldung-Physio-Edelbauer-1024x589.jpg 1024w, https:\/\/physio-edelbauer.de\/wp-content\/uploads\/2017\/05\/Anmeldung-Physio-Edelbauer-300x173.jpg 300w, https:\/\/physio-edelbauer.de\/wp-content\/uploads\/2017\/05\/Anmeldung-Physio-Edelbauer-768x442.jpg 768w, https:\/\/physio-edelbauer.de\/wp-content\/uploads\/2017\/05\/Anmeldung-Physio-Edelbauer-940x541.jpg 940w, https:\/\/physio-edelbauer.de\/wp-content\/uploads\/2017\/05\/Anmeldung-Physio-Edelbauer-696x400.jpg 696w\" sizes=\"auto, (max-width: 760px) 100vw, 760px\" \/>\n\t\t\t<\/div>\n\t\t\t\t<figcaption class='wp-caption-text gallery-caption' id='gallery-2-124'>\n\t\t\t\tAnmeldung\n\t\t\t\t<\/figcaption><\/figure><figure class='gallery-item'>\n\t\t\t<div class='gallery-icon portrait'>\n\t\t\t\t<img loading=\"lazy\" decoding=\"async\" width=\"683\" height=\"1024\" src=\"https:\/\/physio-edelbauer.de\/wp-content\/uploads\/2017\/05\/Syna-2.1-1-von-1-683x1024.jpg\" class=\"attachment-large size-large\" alt=\"\" aria-describedby=\"gallery-2-178\" srcset=\"https:\/\/physio-edelbauer.de\/wp-content\/uploads\/2017\/05\/Syna-2.1-1-von-1-683x1024.jpg 683w, https:\/\/physio-edelbauer.de\/wp-content\/uploads\/2017\/05\/Syna-2.1-1-von-1-200x300.jpg 200w, https:\/\/physio-edelbauer.de\/wp-content\/uploads\/2017\/05\/Syna-2.1-1-von-1-768x1152.jpg 768w, https:\/\/physio-edelbauer.de\/wp-content\/uploads\/2017\/05\/Syna-2.1-1-von-1-940x1410.jpg 940w, https:\/\/physio-edelbauer.de\/wp-content\/uploads\/2017\/05\/Syna-2.1-1-von-1-267x400.jpg 267w, https:\/\/physio-edelbauer.de\/wp-content\/uploads\/2017\/05\/Syna-2.1-1-von-1.jpg 1365w\" sizes=\"auto, (max-width: 683px) 100vw, 683px\" \/>\n\t\t\t<\/div>\n\t\t\t\t<figcaption class='wp-caption-text gallery-caption' id='gallery-2-178'>\n\t\t\t\tWartebereich &#8211; Einen Moment bitte, ich bin gleich f\u00fcr Sie da.\n\t\t\t\t<\/figcaption><\/figure><figure class='gallery-item'>\n\t\t\t<div class='gallery-icon portrait'>\n\t\t\t\t<img loading=\"lazy\" decoding=\"async\" width=\"683\" height=\"1024\" src=\"https:\/\/physio-edelbauer.de\/wp-content\/uploads\/2017\/05\/Behandlungsraum-Physio-Edelbauer-683x1024.jpg\" class=\"attachment-large size-large\" alt=\"\" aria-describedby=\"gallery-2-126\" srcset=\"https:\/\/physio-edelbauer.de\/wp-content\/uploads\/2017\/05\/Behandlungsraum-Physio-Edelbauer-683x1024.jpg 683w, https:\/\/physio-edelbauer.de\/wp-content\/uploads\/2017\/05\/Behandlungsraum-Physio-Edelbauer-200x300.jpg 200w, https:\/\/physio-edelbauer.de\/wp-content\/uploads\/2017\/05\/Behandlungsraum-Physio-Edelbauer-768x1152.jpg 768w, https:\/\/physio-edelbauer.de\/wp-content\/uploads\/2017\/05\/Behandlungsraum-Physio-Edelbauer-940x1410.jpg 940w, https:\/\/physio-edelbauer.de\/wp-content\/uploads\/2017\/05\/Behandlungsraum-Physio-Edelbauer-267x400.jpg 267w\" sizes=\"auto, (max-width: 683px) 100vw, 683px\" \/>\n\t\t\t<\/div>\n\t\t\t\t<figcaption class='wp-caption-text gallery-caption' id='gallery-2-126'>\n\t\t\t\tBehandlungsraum 1\n\t\t\t\t<\/figcaption><\/figure><figure class='gallery-item'>\n\t\t\t<div class='gallery-icon landscape'>\n\t\t\t\t<img loading=\"lazy\" decoding=\"async\" width=\"760\" height=\"507\" src=\"https:\/\/physio-edelbauer.de\/wp-content\/uploads\/2017\/05\/Behandlungsraum-Physio-Edelbauer-Syna-1024x683.jpg\" class=\"attachment-large size-large\" alt=\"\" aria-describedby=\"gallery-2-125\" srcset=\"https:\/\/physio-edelbauer.de\/wp-content\/uploads\/2017\/05\/Behandlungsraum-Physio-Edelbauer-Syna-1024x683.jpg 1024w, https:\/\/physio-edelbauer.de\/wp-content\/uploads\/2017\/05\/Behandlungsraum-Physio-Edelbauer-Syna-300x200.jpg 300w, https:\/\/physio-edelbauer.de\/wp-content\/uploads\/2017\/05\/Behandlungsraum-Physio-Edelbauer-Syna-768x512.jpg 768w, https:\/\/physio-edelbauer.de\/wp-content\/uploads\/2017\/05\/Behandlungsraum-Physio-Edelbauer-Syna-940x627.jpg 940w, https:\/\/physio-edelbauer.de\/wp-content\/uploads\/2017\/05\/Behandlungsraum-Physio-Edelbauer-Syna-600x400.jpg 600w\" sizes=\"auto, (max-width: 760px) 100vw, 760px\" \/>\n\t\t\t<\/div>\n\t\t\t\t<figcaption class='wp-caption-text gallery-caption' id='gallery-2-125'>\n\t\t\t\tBehandlungsraum 2\n\t\t\t\t<\/figcaption><\/figure><figure class='gallery-item'>\n\t\t\t<div class='gallery-icon landscape'>\n\t\t\t\t<img loading=\"lazy\" decoding=\"async\" width=\"760\" height=\"497\" src=\"https:\/\/physio-edelbauer.de\/wp-content\/uploads\/2017\/05\/Produkte-Physio-Edelbauer-1024x669.jpg\" class=\"attachment-large size-large\" alt=\"\" aria-describedby=\"gallery-2-140\" srcset=\"https:\/\/physio-edelbauer.de\/wp-content\/uploads\/2017\/05\/Produkte-Physio-Edelbauer-1024x669.jpg 1024w, https:\/\/physio-edelbauer.de\/wp-content\/uploads\/2017\/05\/Produkte-Physio-Edelbauer-300x196.jpg 300w, https:\/\/physio-edelbauer.de\/wp-content\/uploads\/2017\/05\/Produkte-Physio-Edelbauer-768x502.jpg 768w, https:\/\/physio-edelbauer.de\/wp-content\/uploads\/2017\/05\/Produkte-Physio-Edelbauer-940x614.jpg 940w, https:\/\/physio-edelbauer.de\/wp-content\/uploads\/2017\/05\/Produkte-Physio-Edelbauer-612x400.jpg 612w\" sizes=\"auto, (max-width: 760px) 100vw, 760px\" \/>\n\t\t\t<\/div>\n\t\t\t\t<figcaption class='wp-caption-text gallery-caption' id='gallery-2-140'>\n\t\t\t\tAusgew\u00e4hlte Produkte\n\t\t\t\t<\/figcaption><\/figure><figure class='gallery-item'>\n\t\t\t<div class='gallery-icon landscape'>\n\t\t\t\t<img loading=\"lazy\" decoding=\"async\" width=\"760\" height=\"505\" src=\"https:\/\/physio-edelbauer.de\/wp-content\/uploads\/2017\/05\/Massage-Physio-Edelbauer-1024x680.jpg\" class=\"attachment-large size-large\" alt=\"\" aria-describedby=\"gallery-2-138\" srcset=\"https:\/\/physio-edelbauer.de\/wp-content\/uploads\/2017\/05\/Massage-Physio-Edelbauer-1024x680.jpg 1024w, https:\/\/physio-edelbauer.de\/wp-content\/uploads\/2017\/05\/Massage-Physio-Edelbauer-300x199.jpg 300w, https:\/\/physio-edelbauer.de\/wp-content\/uploads\/2017\/05\/Massage-Physio-Edelbauer-768x510.jpg 768w, https:\/\/physio-edelbauer.de\/wp-content\/uploads\/2017\/05\/Massage-Physio-Edelbauer-940x624.jpg 940w, https:\/\/physio-edelbauer.de\/wp-content\/uploads\/2017\/05\/Massage-Physio-Edelbauer-602x400.jpg 602w\" sizes=\"auto, (max-width: 760px) 100vw, 760px\" \/>\n\t\t\t<\/div>\n\t\t\t\t<figcaption class='wp-caption-text gallery-caption' id='gallery-2-138'>\n\t\t\t\tKlassische Massage\n\t\t\t\t<\/figcaption><\/figure><figure class='gallery-item'>\n\t\t\t<div class='gallery-icon landscape'>\n\t\t\t\t<img loading=\"lazy\" decoding=\"async\" width=\"760\" height=\"422\" src=\"https:\/\/physio-edelbauer.de\/wp-content\/uploads\/2017\/05\/Behandlung-Physio-Edelbauer-1024x568.jpg\" class=\"attachment-large size-large\" alt=\"\" aria-describedby=\"gallery-2-133\" srcset=\"https:\/\/physio-edelbauer.de\/wp-content\/uploads\/2017\/05\/Behandlung-Physio-Edelbauer-1024x568.jpg 1024w, https:\/\/physio-edelbauer.de\/wp-content\/uploads\/2017\/05\/Behandlung-Physio-Edelbauer-300x166.jpg 300w, https:\/\/physio-edelbauer.de\/wp-content\/uploads\/2017\/05\/Behandlung-Physio-Edelbauer-768x426.jpg 768w, https:\/\/physio-edelbauer.de\/wp-content\/uploads\/2017\/05\/Behandlung-Physio-Edelbauer-940x521.jpg 940w, https:\/\/physio-edelbauer.de\/wp-content\/uploads\/2017\/05\/Behandlung-Physio-Edelbauer-721x400.jpg 721w\" sizes=\"auto, (max-width: 760px) 100vw, 760px\" \/>\n\t\t\t<\/div>\n\t\t\t\t<figcaption class='wp-caption-text gallery-caption' id='gallery-2-133'>\n\t\t\t\tKlassische Massage\n\t\t\t\t<\/figcaption><\/figure><figure class='gallery-item'>\n\t\t\t<div class='gallery-icon landscape'>\n\t\t\t\t<img loading=\"lazy\" decoding=\"async\" width=\"760\" height=\"494\" src=\"https:\/\/physio-edelbauer.de\/wp-content\/uploads\/2017\/05\/Tapen-Physio-Edelbauer-1024x666.jpg\" class=\"attachment-large size-large\" alt=\"\" aria-describedby=\"gallery-2-146\" srcset=\"https:\/\/physio-edelbauer.de\/wp-content\/uploads\/2017\/05\/Tapen-Physio-Edelbauer-1024x666.jpg 1024w, https:\/\/physio-edelbauer.de\/wp-content\/uploads\/2017\/05\/Tapen-Physio-Edelbauer-300x195.jpg 300w, https:\/\/physio-edelbauer.de\/wp-content\/uploads\/2017\/05\/Tapen-Physio-Edelbauer-768x499.jpg 768w, https:\/\/physio-edelbauer.de\/wp-content\/uploads\/2017\/05\/Tapen-Physio-Edelbauer-940x611.jpg 940w, https:\/\/physio-edelbauer.de\/wp-content\/uploads\/2017\/05\/Tapen-Physio-Edelbauer-615x400.jpg 615w\" sizes=\"auto, (max-width: 760px) 100vw, 760px\" \/>\n\t\t\t<\/div>\n\t\t\t\t<figcaption class='wp-caption-text gallery-caption' id='gallery-2-146'>\n\t\t\t\tKinesiotape\n\t\t\t\t<\/figcaption><\/figure><figure class='gallery-item'>\n\t\t\t<div class='gallery-icon landscape'>\n\t\t\t\t<img loading=\"lazy\" decoding=\"async\" width=\"760\" height=\"419\" src=\"https:\/\/physio-edelbauer.de\/wp-content\/uploads\/2017\/05\/Syna-13-von-20-1024x564.jpg\" class=\"attachment-large size-large\" alt=\"\" aria-describedby=\"gallery-2-142\" srcset=\"https:\/\/physio-edelbauer.de\/wp-content\/uploads\/2017\/05\/Syna-13-von-20-1024x564.jpg 1024w, https:\/\/physio-edelbauer.de\/wp-content\/uploads\/2017\/05\/Syna-13-von-20-300x165.jpg 300w, https:\/\/physio-edelbauer.de\/wp-content\/uploads\/2017\/05\/Syna-13-von-20-768x423.jpg 768w, https:\/\/physio-edelbauer.de\/wp-content\/uploads\/2017\/05\/Syna-13-von-20-940x518.jpg 940w, https:\/\/physio-edelbauer.de\/wp-content\/uploads\/2017\/05\/Syna-13-von-20-726x400.jpg 726w\" sizes=\"auto, (max-width: 760px) 100vw, 760px\" \/>\n\t\t\t<\/div>\n\t\t\t\t<figcaption class='wp-caption-text gallery-caption' id='gallery-2-142'>\n\t\t\t\tGymnastikraum\n\t\t\t\t<\/figcaption><\/figure><figure class='gallery-item'>\n\t\t\t<div class='gallery-icon portrait'>\n\t\t\t\t<img loading=\"lazy\" decoding=\"async\" width=\"760\" height=\"787\" src=\"https:\/\/physio-edelbauer.de\/wp-content\/uploads\/2017\/05\/Behandlung-Turnraum-Physio-edelbauer-989x1024.jpg\" class=\"attachment-large size-large\" alt=\"\" aria-describedby=\"gallery-2-134\" srcset=\"https:\/\/physio-edelbauer.de\/wp-content\/uploads\/2017\/05\/Behandlung-Turnraum-Physio-edelbauer-989x1024.jpg 989w, https:\/\/physio-edelbauer.de\/wp-content\/uploads\/2017\/05\/Behandlung-Turnraum-Physio-edelbauer-290x300.jpg 290w, https:\/\/physio-edelbauer.de\/wp-content\/uploads\/2017\/05\/Behandlung-Turnraum-Physio-edelbauer-768x795.jpg 768w, https:\/\/physio-edelbauer.de\/wp-content\/uploads\/2017\/05\/Behandlung-Turnraum-Physio-edelbauer-940x973.jpg 940w, https:\/\/physio-edelbauer.de\/wp-content\/uploads\/2017\/05\/Behandlung-Turnraum-Physio-edelbauer-386x400.jpg 386w\" sizes=\"auto, (max-width: 760px) 100vw, 760px\" \/>\n\t\t\t<\/div>\n\t\t\t\t<figcaption class='wp-caption-text gallery-caption' id='gallery-2-134'>\n\t\t\t\tTrainieren der Kniestabilit\u00e4t mittels Posturomed\n\t\t\t\t<\/figcaption><\/figure><figure class='gallery-item'>\n\t\t\t<div class='gallery-icon landscape'>\n\t\t\t\t<img loading=\"lazy\" decoding=\"async\" width=\"760\" height=\"507\" src=\"https:\/\/physio-edelbauer.de\/wp-content\/uploads\/2017\/05\/Syna-14-von-20-1024x683.jpg\" class=\"attachment-large size-large\" alt=\"\" aria-describedby=\"gallery-2-143\" srcset=\"https:\/\/physio-edelbauer.de\/wp-content\/uploads\/2017\/05\/Syna-14-von-20-1024x683.jpg 1024w, https:\/\/physio-edelbauer.de\/wp-content\/uploads\/2017\/05\/Syna-14-von-20-300x200.jpg 300w, https:\/\/physio-edelbauer.de\/wp-content\/uploads\/2017\/05\/Syna-14-von-20-768x512.jpg 768w, https:\/\/physio-edelbauer.de\/wp-content\/uploads\/2017\/05\/Syna-14-von-20-940x627.jpg 940w, https:\/\/physio-edelbauer.de\/wp-content\/uploads\/2017\/05\/Syna-14-von-20-600x400.jpg 600w\" sizes=\"auto, (max-width: 760px) 100vw, 760px\" \/>\n\t\t\t<\/div>\n\t\t\t\t<figcaption class='wp-caption-text gallery-caption' id='gallery-2-143'>\n\t\t\t\tSeilzug, Muskelaufbau mit visueller Kontrolle\n\t\t\t\t<\/figcaption><\/figure><figure class='gallery-item'>\n\t\t\t<div class='gallery-icon portrait'>\n\t\t\t\t<img loading=\"lazy\" decoding=\"async\" width=\"683\" height=\"1024\" src=\"https:\/\/physio-edelbauer.de\/wp-content\/uploads\/2017\/05\/Syna-12-von-20-683x1024.jpg\" class=\"attachment-large size-large\" alt=\"\" aria-describedby=\"gallery-2-141\" srcset=\"https:\/\/physio-edelbauer.de\/wp-content\/uploads\/2017\/05\/Syna-12-von-20-683x1024.jpg 683w, https:\/\/physio-edelbauer.de\/wp-content\/uploads\/2017\/05\/Syna-12-von-20-200x300.jpg 200w, https:\/\/physio-edelbauer.de\/wp-content\/uploads\/2017\/05\/Syna-12-von-20-768x1152.jpg 768w, https:\/\/physio-edelbauer.de\/wp-content\/uploads\/2017\/05\/Syna-12-von-20-940x1410.jpg 940w, https:\/\/physio-edelbauer.de\/wp-content\/uploads\/2017\/05\/Syna-12-von-20-267x400.jpg 267w\" sizes=\"auto, (max-width: 683px) 100vw, 683px\" \/>\n\t\t\t<\/div>\n\t\t\t\t<figcaption class='wp-caption-text gallery-caption' id='gallery-2-141'>\n\t\t\t\tGleichgewichtstraining\n\t\t\t\t<\/figcaption><\/figure><figure class='gallery-item'>\n\t\t\t<div class='gallery-icon landscape'>\n\t\t\t\t<img loading=\"lazy\" decoding=\"async\" width=\"760\" height=\"507\" src=\"https:\/\/physio-edelbauer.de\/wp-content\/uploads\/2017\/05\/Visitenkarte-hinten2-Physio-Edelbauer-1024x683.jpg\" class=\"attachment-large size-large\" alt=\"\" aria-describedby=\"gallery-2-150\" srcset=\"https:\/\/physio-edelbauer.de\/wp-content\/uploads\/2017\/05\/Visitenkarte-hinten2-Physio-Edelbauer-1024x683.jpg 1024w, https:\/\/physio-edelbauer.de\/wp-content\/uploads\/2017\/05\/Visitenkarte-hinten2-Physio-Edelbauer-300x200.jpg 300w, https:\/\/physio-edelbauer.de\/wp-content\/uploads\/2017\/05\/Visitenkarte-hinten2-Physio-Edelbauer-768x512.jpg 768w, https:\/\/physio-edelbauer.de\/wp-content\/uploads\/2017\/05\/Visitenkarte-hinten2-Physio-Edelbauer-940x627.jpg 940w, https:\/\/physio-edelbauer.de\/wp-content\/uploads\/2017\/05\/Visitenkarte-hinten2-Physio-Edelbauer-600x400.jpg 600w\" sizes=\"auto, (max-width: 760px) 100vw, 760px\" \/>\n\t\t\t<\/div>\n\t\t\t\t<figcaption class='wp-caption-text gallery-caption' id='gallery-2-150'>\n\t\t\t\tWohlf\u00fchlen bei einer Aroma\u00f6lmassage!\n\t\t\t\t<\/figcaption><\/figure><figure class='gallery-item'>\n\t\t\t<div class='gallery-icon landscape'>\n\t\t\t\t<img loading=\"lazy\" decoding=\"async\" width=\"760\" height=\"507\" src=\"https:\/\/physio-edelbauer.de\/wp-content\/uploads\/2017\/05\/Syna-15-von-20-1024x683.jpg\" class=\"attachment-large size-large\" alt=\"\" aria-describedby=\"gallery-2-144\" srcset=\"https:\/\/physio-edelbauer.de\/wp-content\/uploads\/2017\/05\/Syna-15-von-20-1024x683.jpg 1024w, https:\/\/physio-edelbauer.de\/wp-content\/uploads\/2017\/05\/Syna-15-von-20-300x200.jpg 300w, https:\/\/physio-edelbauer.de\/wp-content\/uploads\/2017\/05\/Syna-15-von-20-768x512.jpg 768w, https:\/\/physio-edelbauer.de\/wp-content\/uploads\/2017\/05\/Syna-15-von-20-940x627.jpg 940w, https:\/\/physio-edelbauer.de\/wp-content\/uploads\/2017\/05\/Syna-15-von-20-600x400.jpg 600w\" sizes=\"auto, (max-width: 760px) 100vw, 760px\" \/>\n\t\t\t<\/div>\n\t\t\t\t<figcaption class='wp-caption-text gallery-caption' id='gallery-2-144'>\n\t\t\t\tEmpfehlen Sie mich gerne weiter.\n\t\t\t\t<\/figcaption><\/figure><figure class='gallery-item'>\n\t\t\t<div class='gallery-icon portrait'>\n\t\t\t\t<img loading=\"lazy\" decoding=\"async\" width=\"405\" height=\"597\" src=\"https:\/\/physio-edelbauer.de\/wp-content\/uploads\/2017\/05\/ParkplatzHP.png\" class=\"attachment-large size-large\" alt=\"\" aria-describedby=\"gallery-2-70\" srcset=\"https:\/\/physio-edelbauer.de\/wp-content\/uploads\/2017\/05\/ParkplatzHP.png 405w, https:\/\/physio-edelbauer.de\/wp-content\/uploads\/2017\/05\/ParkplatzHP-204x300.png 204w, https:\/\/physio-edelbauer.de\/wp-content\/uploads\/2017\/05\/ParkplatzHP-271x400.png 271w\" sizes=\"auto, (max-width: 405px) 100vw, 405px\" \/>\n\t\t\t<\/div>\n\t\t\t\t<figcaption class='wp-caption-text gallery-caption' id='gallery-2-70'>\n\t\t\t\tKundenparkpl\u00e4tze im Hof vorhanden\n\t\t\t\t<\/figcaption><\/figure>\n\t\t<\/div>\n\n<p>&nbsp;<\/p>\n<p>&nbsp;<\/p>\n","protected":false},"excerpt":{"rendered":"<p>&nbsp; Krankengymnastik Krankengymnastik nach Bobath (f\u00fcr Erwachsene) Manuelle Lymphdrainage Sportphysiotherapie klassische Massage Triggerpunkttherapie Kinesiotape Kryotherapie (Eis) W\u00e4rmetherapie (Hei\u00dfluft, Naturmoorpackung, Hei\u00dfe Rolle) Ultraschalltherapie -alle Kassen und privat- &nbsp; Sollte es Ihnen aus physischen Gr\u00fcnden nicht m\u00f6glich&hellip; <a href=\"https:\/\/physio-edelbauer.de\/?page_id=7\">Mehr<\/a><\/p>\n","protected":false},"author":1,"featured_media":0,"parent":0,"menu_order":0,"comment_status":"closed","ping_status":"closed","template":"","meta":{"footnotes":""},"class_list":["post-7","page","type-page","status-publish","hentry"],"_links":{"self":[{"href":"https:\/\/physio-edelbauer.de\/index.php?rest_route=\/wp\/v2\/pages\/7","targetHints":{"allow":["GET"]}}],"collection":[{"href":"https:\/\/physio-edelbauer.de\/index.php?rest_route=\/wp\/v2\/pages"}],"about":[{"href":"https:\/\/physio-edelbauer.de\/index.php?rest_route=\/wp\/v2\/types\/page"}],"author":[{"embeddable":true,"href":"https:\/\/physio-edelbauer.de\/index.php?rest_route=\/wp\/v2\/users\/1"}],"replies":[{"embeddable":true,"href":"https:\/\/physio-edelbauer.de\/index.php?rest_route=%2Fwp%2Fv2%2Fcomments&post=7"}],"version-history":[{"count":22,"href":"https:\/\/physio-edelbauer.de\/index.php?rest_route=\/wp\/v2\/pages\/7\/revisions"}],"predecessor-version":[{"id":179,"href":"https:\/\/physio-edelbauer.de\/index.php?rest_route=\/wp\/v2\/pages\/7\/revisions\/179"}],"wp:attachment":[{"href":"https:\/\/physio-edelbauer.de\/index.php?rest_route=%2Fwp%2Fv2%2Fmedia&parent=7"}],"curies":[{"name":"wp","href":"https:\/\/api.w.org\/{rel}","templated":true}]}}